{"id":3743,"date":"2015-09-03T10:12:37","date_gmt":"2015-09-03T10:12:37","guid":{"rendered":"http:\/\/www.briliantina.com\/ro\/?page_id=3743"},"modified":"2015-09-28T16:05:52","modified_gmt":"2015-09-28T16:05:52","slug":"cum-sa-ai-grija-de-bijuterii","status":"publish","type":"page","link":"https:\/\/www.briliantina.com\/ro\/cum-sa-ai-grija-de-bijuterii\/","title":{"rendered":"Cum s\u0103 ai grij\u0103 de bijuterii"},"content":{"rendered":"<h2>Sfaturi despre cum s\u0103 ai grij\u0103 de bijuteriile tale Briliantina<\/h2>\r\nAm c\u00e2teva sfaturi despre cum s\u0103 ai grij\u0103 de bijuteriile Briliantina, pentru a men\u021bine inelele str\u0103lucitoare \u0219i noi pentru o lung\u0103 perioad\u0103 de timp. Un mod bun de a le proteja e s\u0103 le pui \u00eentr-o cutie de bijuterii peste noapte. <strong>Nu purta bijuteriile atunci c\u00e2nd faci baie, speli vase, rufe, sau faci cur\u0103\u0163enie ori alte activit\u0103\u021bi stresante - pot d\u0103una inelului. De asemenea, trebuie s\u0103 nu le por\u0163i \u00een timp desf\u0103\u015fori activit\u0103\u021bi sportive<\/strong>. Nu numai c\u0103 se pot deteriora, dar \u00ee\u0163i po\u0163i r\u0103ni prietenii.\r\n<h3>Bijuteriile Briliantina pot fi deteriorate de urm\u0103torii factori. Recomand s\u0103 le evi\u0163i:<\/h3>\r\n<ul>\r\n\t<li><strong>Produse cosmetice:<\/strong> spray de par, creme, lo\u021biuni, make-up, parfumuri, etc.<\/li>\r\n\t<li><strong>Detergen\u0163i:<\/strong> s\u0103pun, \u0219ampoane, detergen\u021bi de sp\u0103lat vase, de cur\u0103\u021bare de uz casnic, etc<\/li>\r\n\t<li><strong>Ap\u0103:<\/strong> de ap\u0103 cald\u0103 \u00een special, clorurat\u0103 sau sare, transpira\u0163ie<\/li>\r\n\t<li><strong>Daune mecanice:<\/strong> piept\u0103nare, de sp\u0103lat vase, umfl\u0103turi, obiecte ascu\u021bite, de cur\u0103\u021bare abrazive sau tratament dur<\/li>\r\n\t<li><strong>Redimensionarea unui inel:<\/strong> la reglarea dimensiunii benzii prin extinderea \u0219i \u00een sc\u0103dere, nu pune presiune pe piatra inelului, doar pe band\u0103. Redimensionarea frecvent\u0103 a benzii \u0219i manipularea incorect\u0103 poate afecta \u00een mod negativ inelul.<\/li>\r\n\t<li><strong>Temperaturi extreme, expunerea la soare, solar<\/strong><\/li>\r\n<\/ul>\r\nToate bijuteriile Briliantina sunt fabricate cu strat protector de rodiu, care le protejeaz\u0103 de daune.\r\n\r\nUn lider dermatolog ceh a testat bijuteriile Briliantina pentru posibile reac\u021bii alergice. <strong>Rezultatele au fost excelente, \u00een special datorit\u0103 stratului de rodiu. Bijuteriile Briliantina sunt certificate ca o juc\u0103rie \u00een conformitate cu reglement\u0103rile EN71,<\/strong>, care asigur\u0103 c\u0103 bijuteriile nu con\u021bin componente periculoase.\r\n\r\n<strong>Bucur\u0103-te de surpriza sclipitoare!<\/strong>\r\n<h3>A ta. Brili<\/h3>","protected":false},"excerpt":{"rendered":"<p>Sfaturi despre cum s\u0103 ai grij\u0103 de bijuteriile tale Briliantina Am c\u00e2teva sfaturi despre cum s\u0103 ai grij\u0103 de bijuteriile Briliantina, pentru a men\u021bine inelele str\u0103lucitoare \u0219i noi pentru o lung\u0103 perioad\u0103 de timp. Un mod bun de a le proteja e s\u0103 le pui \u00eentr-o cutie de bijuterii peste noapte. Nu purta bijuteriile atunci [&hellip;]<\/p>\n","protected":false},"author":33,"featured_media":0,"parent":0,"menu_order":0,"comment_status":"open","ping_status":"open","template":"","meta":[],"_links":{"self":[{"href":"https:\/\/www.briliantina.com\/ro\/wp-json\/wp\/v2\/pages\/3743"}],"collection":[{"href":"https:\/\/www.briliantina.com\/ro\/wp-json\/wp\/v2\/pages"}],"about":[{"href":"https:\/\/www.briliantina.com\/ro\/wp-json\/wp\/v2\/types\/page"}],"author":[{"embeddable":true,"href":"https:\/\/www.briliantina.com\/ro\/wp-json\/wp\/v2\/users\/33"}],"replies":[{"embeddable":true,"href":"https:\/\/www.briliantina.com\/ro\/wp-json\/wp\/v2\/comments?post=3743"}],"version-history":[{"count":17,"href":"https:\/\/www.briliantina.com\/ro\/wp-json\/wp\/v2\/pages\/3743\/revisions"}],"predecessor-version":[{"id":4160,"href":"https:\/\/www.briliantina.com\/ro\/wp-json\/wp\/v2\/pages\/3743\/revisions\/4160"}],"wp:attachment":[{"href":"https:\/\/www.briliantina.com\/ro\/wp-json\/wp\/v2\/media?parent=3743"}],"curies":[{"name":"wp","href":"https:\/\/api.w.org\/{rel}","templated":true}]}}