{"id":3728,"date":"2015-09-03T09:47:03","date_gmt":"2015-09-03T09:47:03","guid":{"rendered":"http:\/\/www.briliantina.com\/ro\/?page_id=3728"},"modified":"2015-09-28T16:13:04","modified_gmt":"2015-09-28T16:13:04","slug":"declaratie-doctor","status":"publish","type":"page","link":"https:\/\/www.briliantina.com\/ro\/declaratie-doctor\/","title":{"rendered":"Declaratie doctor"},"content":{"rendered":"<h2>Declara\u021biile doctorului cu privire la siguran\u0163a bijuteriilor Briliantina<\/h2>\r\n<h3>Cauza \/ Motivul Studiului<\/h3>\r\n<strong>Motivul acestui studiu este bine-cunoscutul fapt c\u0103 mul\u0163i pacien\u0163i cu un diagnostic de eczem\u0103 atopic\u0103 \u015fi dermatit\u0103 de contact au destul de des probleme cu purtarea de obiecte metalice, cum ar fi nichel \u0219i crom.<\/strong>\r\n\r\nAm \u00eent\u00e2lnit mul\u0163i pacien\u0163i la locul de munc\u0103, care nu puteau purta inele, sau orice alte obiecte metalice \u00een contact direct cu pielea, cum ar fi fermoare, catarame, nasturi, curele \u015fi ceasuri, ochelari cu ram\u0103 din metal \u0219i a\u015fa mai departe. Inelele Briliantina sunt fabricate din cupru \u0219i sunt placate cu rodiu. Rodiu este un metal ductil alb, care apar\u021bine grupului de metale de platin\u0103 \u0219i are o rezisten\u0163\u0103 mare la influen\u021be externe.\r\n\r\n<strong>Scopul studiului a fost de a determina dac\u0103 pacien\u0163ii care au adesea probleme cu toleran\u021ba produselor metalice vor tolera purtarea prelungit\u0103 de bijuterii Briliantina placate cu rodiu.<\/strong>\r\n<h3>Cursul studiului<\/h3>\r\nDin prim\u0103vara p\u00e2n\u0103 \u00een toamna anului 2013, am avut ocazia de a oferi spre purtare pe termen lung pacien\u0163ilor mei cu v\u00e2rste cuprinse \u00eentre 3 \u015fi 19 ani inele \u015fi cercei Briliantina.\r\n\r\nStudiul a inclus pacien\u021bi cu v\u00e2rste de la 3 la 19 ani. \u00cen primul grup au fost fete de la 3 la 9 ani, \u00een al doilea grup au fost fete de la 10 la 19 ani. Monitorizarea a fost realizat\u0103 din aprilie p\u00e2n\u0103 \u00een octombrie 2013. Pacien\u0163ii au fost sf\u0103tui\u0163i sa poarte inelul \u00een fiecare zi.\r\n\r\nPrimul grup a fost format din 23 de fete. 17 dintre ele au fost pacien\u0163i care au fost monitorizate pentru diagnosticul de eczem\u0103 atopica sau dermatit\u0103 de contact. Am ales \u00een mod deliberat cazuri eczematoase pentru c\u0103 pielea lor este uscat\u0103 \u0219i nu are film protector cutanat ideal. Prin urmare, este mult mai fragil\u0103 \u0219i are toleran\u021b\u0103 sc\u0103zut\u0103 la influen\u021be externe, at\u00e2t \u00een sens fizic dar \u0219i chimic. Acestor 23 de fete din aceast\u0103 grup\u0103 de v\u00e2rst\u0103, le-am dat 24 de inele (o fat\u0103 a pierdut inelul ei dup\u0103 o lun\u0103 \u0219i a primit un \u00eenlocuitor). Am observat nici un simptom de intoleran\u021b\u0103 sau reac\u021bii alergice. Evaluarea subiectiv\u0103 \u00een aceast\u0103 categorie de v\u00e2rst\u0103 este problematic\u0103. Fetele au evaluat pozitiv aspectul inele, iar nici una din fete sau de c\u0103tre p\u0103rin\u021bii lor nu au declarat probleme.\r\n\r\nAl doilea grup con\u021binea 24 de fete. \u00cen 13 cazuri, fetele au avut predispozi\u021bie alergic\u0103, \u0219i anume eczem\u0103 atopica. Celelalte fete - 11 \u00een total - au fost puse din nou sunt observa\u0163ie pentru alte diagnostice de piele (acnee cutanat\u0103, dermatit\u0103 seboreic\u0103, psoriazis). Nu am \u00eent\u00e2lnit vreo reac\u021bie alergic\u0103 la nimeni. Evaluarea subiectiv\u0103 a fetelor a fost de asemenea pozitiv\u0103. \u00cen dou\u0103 cazuri, fetele au declarat c\u0103, dup\u0103 aproximativ 6-8 s\u0103pt\u0103m\u00e2ni de purtat inelul, stratul superior de rodiu a disp\u0103rut \u0219i contactul pielii cu restul inelului fabricat din cupru a dus la \"afi\u015farea pielii\". Ambele fete au fost de 17 de ani, cu palme \u00een cre\u015ftere. Nu \u0219tiu dac\u0103 acest fenomen a fost din cauza transpira\u021bie, este doar o specula\u021bie.\r\n<h3>Recomand\u0103ri finale<\/h3>\r\nAm avut ocazia de studia 47 de fete intr-un studiu prospectiv din aprilie p\u00e2n\u0103 \u00een octombrie 2013. 23 de fete au fost \u00een grupa de v\u00e2rst\u0103 de la 3 la 9 ani, 24 de fete de la 10 la 19 ani. Un total de 20 de fete au fost paciente cu diagnostic de eczem\u0103 atopic\u0103. O fat\u0103 \u00een v\u00e2rst\u0103 de 18 de ani, a avut, de asemenea, o alergie dovedit\u0103 la nichel. Nu am \u00eent\u00e2lnit manifest\u0103ri de intoleran\u021b\u0103 sau reac\u021bii alergice cu oricare din fete. \u00cen dou\u0103 cazuri, inelele au cauzat a\u015fa numita \"piele p\u0103tat\u0103\".\r\n\r\n<strong>\u00cen experien\u021ba noastr\u0103, purtarea de inele Briliantina nu creaz\u0103 probleme pielii, cu o probabilitate remarcabil\u0103 c\u0103 acestea nu sunt un alergen puternic. Prin urmare, v\u0103 recomand\u0103m acest bijuterii pentru oricine cu probleme de eczeme.<\/strong>\r\n\r\n&nbsp;\r\n\r\n&nbsp;\r\n\r\nDermatolog \u015fef din Cehia, Pilsen","protected":false},"excerpt":{"rendered":"<p>Declara\u021biile doctorului cu privire la siguran\u0163a bijuteriilor Briliantina Cauza \/ Motivul Studiului Motivul acestui studiu este bine-cunoscutul fapt c\u0103 mul\u0163i pacien\u0163i cu un diagnostic de eczem\u0103 atopic\u0103 \u015fi dermatit\u0103 de contact au destul de des probleme cu purtarea de obiecte metalice, cum ar fi nichel \u0219i crom. Am \u00eent\u00e2lnit mul\u0163i pacien\u0163i la locul de munc\u0103, [&hellip;]<\/p>\n","protected":false},"author":33,"featured_media":0,"parent":0,"menu_order":0,"comment_status":"open","ping_status":"closed","template":"","meta":[],"_links":{"self":[{"href":"https:\/\/www.briliantina.com\/ro\/wp-json\/wp\/v2\/pages\/3728"}],"collection":[{"href":"https:\/\/www.briliantina.com\/ro\/wp-json\/wp\/v2\/pages"}],"about":[{"href":"https:\/\/www.briliantina.com\/ro\/wp-json\/wp\/v2\/types\/page"}],"author":[{"embeddable":true,"href":"https:\/\/www.briliantina.com\/ro\/wp-json\/wp\/v2\/users\/33"}],"replies":[{"embeddable":true,"href":"https:\/\/www.briliantina.com\/ro\/wp-json\/wp\/v2\/comments?post=3728"}],"version-history":[{"count":12,"href":"https:\/\/www.briliantina.com\/ro\/wp-json\/wp\/v2\/pages\/3728\/revisions"}],"predecessor-version":[{"id":4161,"href":"https:\/\/www.briliantina.com\/ro\/wp-json\/wp\/v2\/pages\/3728\/revisions\/4161"}],"wp:attachment":[{"href":"https:\/\/www.briliantina.com\/ro\/wp-json\/wp\/v2\/media?parent=3728"}],"curies":[{"name":"wp","href":"https:\/\/api.w.org\/{rel}","templated":true}]}}