{"id":112,"date":"2012-05-03T10:54:50","date_gmt":"2012-05-03T10:54:50","guid":{"rendered":"http:\/\/beta.briliantina.com\/?page_id=112"},"modified":"2015-09-28T16:23:32","modified_gmt":"2015-09-28T16:23:32","slug":"conditii-concurs","status":"publish","type":"page","link":"https:\/\/www.briliantina.com\/ro\/conditii-concurs\/","title":{"rendered":"Conditii concurs"},"content":{"rendered":"<h2>Condi\u0163ii concursul de crea\u0163ie<\/h2>\r\n<h3>Organizare<\/h3>\r\n<ol>\r\n\t<li>Concursul este deschis pentru copiii de 5 ani \u015fi mai \u00een v\u00e2rst\u0103.<\/li>\r\n\t<li>Dac\u0103 e\u015fti interesat\u0103 de competi\u021bie candida\u021bii sub 18 ani trebuie s\u0103 aib\u0103 aprobarea unui p\u0103rinte (sau tutore), \u0219i poate continua cu urm\u0103toarele etape doar cu acordul reprezentan\u021bilor legali.<\/li>\r\n\t<li>Pentru a participa la concurs, trebuie s\u0103 fie \u00eenregistrat\u0103 \u00een Clubul Brili dup\u0103 ce completezi\u00a0un formular de \u00eenregistrare cu informa\u021biile tale.<\/li>\r\n\t<li>To\u021bi participan\u021bii la concurs particip\u0103 doar pentru ei \u0219i nu pot intra \u00een concurs sub un alt nume. \u00cenc\u0103lcarea acestei condi\u021bii poate duce la eliminarea din competitie.<\/li>\r\n\t<li>Concursul pentru \"Inspirat de tine\" Briliantina, modelul de inel c\u00e2\u0219tig\u0103tor este \u00eemp\u0103r\u021bit \u00een dou\u0103 categorii. Categoria UNO este pentru copii de la 5 la 9 ani iar categoria EXCELENT este pentru copii de 10 ani si mai \u00een v\u00e2rst\u0103. Limita superioar\u0103 de v\u00e2rst\u0103 este deschis\u0103.<\/li>\r\n\t<li>Oricine poate proiecta propriile lor inele, schi\u021be, etc. si trimite prin conectarea \u00een Clubul Brili.<\/li>\r\n\t<li>Concursul va cuprinde numai desene originale de autorii lor. Orice lucrare copiat\u0103 sau inspirate care \u00eencalc\u0103 drepturile de autor nu va fi inclus\u0103 \u00een concurs.<\/li>\r\n\t<li>Informa\u021bii despre \u00eenceputul \u0219i sf\u00e2r\u0219itul concursului sunt \u00eentotdeauna disponibile pe site-ul www.briliantina.com.<\/li>\r\n\t<li>Din propunerile trimise comisiei de jurizare pentru fiecare categorie, 10 de propuneri (5 din fiecare categorie) vor fi selectate \u015fi plasate pe site. Se va \u0163ine cont de posibilitatea lor de prelucrare, siguran\u021b\u0103 \u0219i de produc\u021bie. Doar acele desene care \u00eendeplinesc criteriile enumerate vor fi postate \u015fi publicate pe site.<\/li>\r\n\t<li>Ulterior un vot public va avea loc pe www.briliantina.com\/ro pentru desenele publicate. De exemplu, vizitatorii vor putea vota 1x pe zi.<\/li>\r\n\t<li>C\u00e2\u0219tig\u0103torul este desenul cu cele mai multe voturi. C\u00e2\u0219tig\u0103torul va fi contactat de catre organizatori \u0219i \u00eei va fi dat un drept de autor. \u00cen cazul \u00een care c\u00e2\u0219tig\u0103torul nu respect\u0103 termenii contractului sau nu comunic\u0103 (cu cel pu\u021bin 5 zile lucr\u0103toare de la expediere) desenul plasat pe locul doi va fi c\u00e2\u015ftig\u0103tor. Aceea\u0219i procedur\u0103 este urmat\u0103 chiar dac\u0103 locul doi nu este de acord cu ideea unui contract sau, \u00een caz de non-contact. Ace\u0219ti pa\u0219i vor fi lua\u0163i p\u00e2n\u0103 c\u00e2nd sunt trei acorduri semnate de autor.<\/li>\r\n\t<li>Fabricarea inelului desenat de c\u00e2\u0219tig\u0103tor este obligat\u0103 \u00een termen de 24 luni de la semnarea contractului, \u00eempreun\u0103 cu descrierea desemnat\u0103 de autorul. Op\u021biuni de design vor fi adaptate pentru produc\u021bie (siguran\u021b\u0103, pre\u021b, etc.) \u0219i doar dup\u0103 un consult cu autorul. Dup\u0103 concurs, produc\u0103torul anun\u021b\u0103 \u00eenceputul concursului urm\u0103tor.<\/li>\r\n<\/ol>\r\n<h3>Premii<\/h3>\r\nAutorii desenelor care sunt plasa\u0163i de la locul \u00eent\u00e2i p\u00e2n\u0103 la locul al treilea vor primi urm\u0103toarele premii:\r\n<ul>\r\n\t<li>Locul 1: o recompens\u0103 financiar\u0103 de 500 RON (cinci sute de ron) + o colec\u021bie de inele din categoria \u00een care autorul a concurat.<\/li>\r\n\t<li>Locul 2: o colec\u0163ie de inele UNO \u015fi EXCELENT<\/li>\r\n\t<li>Locul 3: o colec\u021bie de inele din categoria \u00een care autorul a concurat.<\/li>\r\n<\/ul>\r\n<h3>Dispozi\u021bii generale<\/h3>\r\n<ol>\r\n\t<li>Participan\u021bii declar\u0103 c\u0103 sunt de acord cu includerea datelor lor \u00een baza de date de promovare, precum \u0219i prelucrarea lor. Promotorul colecteaz\u0103 \u015fi proceseaz\u0103 datele furnizate, \u00een conformitate cu legisla\u021bia aplicabil\u0103, \u00een special Legea nr 101\/2000. privind protec\u021bia datelor cu caracter personal, \u00een calitate de amendamente \u00een vigoare, \u00een scopul organiz\u0103rii concursului, serviciilor \u0219i \u00een scopuri de marketing. Promotorul va proteja datele cu caracter personal \u00een sine, precum materialele informative, procesarea de materiale fotografice \u015fi video f\u0103r\u0103 asisten\u021ba unor p\u0103r\u021bi ter\u021be, iar informa\u021biile dvs. personale nu vor fi transmise c\u0103tre ter\u021bi. Participantul este de acord ca Promotorul s\u0103 aib\u0103 acces 3 ani pentru prelucrarea datelor cu caracter personal \u00een scopurile men\u0163ionate mai sus. Candidatul este de acord cu publicarea numelui \u0219i prenumelui pe site-ul organizatorului \u0219i utilizarea lor \u00een diverse materiale promo\u021bionale. \u00cen cazul \u00een care prelucrarea datelor cu caracter personal a concurentului va \u00eencalc\u0103 obliga\u021biile \u00een temeiul legii, \u00een special Legea nr 101\/2000 privind protec\u021bia datelor cu caracter personal, ca amendamente aplicabile, participantul are dreptul la o cale de atac, folosind metode definite \u00een \u00a7 21 din Legea nr 101\/2000. Participantul are dreptul de a-\u015fi retrage consim\u021b\u0103m\u00e2ntul pentru prelucrarea datelor cu caracter personal. Participantul are dreptul la informare cu privire la datele cu caracter personal prelucrate de c\u0103tre organizator, \u00een condi\u021biile prev\u0103zute de Legea nr 101\/2000 privind protec\u021bia datelor cu caracter personal, precum \u0219i modific\u0103rile aplicabile.<\/li>\r\n\t<li>Organizatorul \u00ee\u0219i rezerv\u0103 dreptul de a anula concursul sau modifica regulile \u00een orice moment.<\/li>\r\n\t<li>Organizatorul \u00ee\u0219i rezerv\u0103 dreptul de a lua decizia final\u0103 cu privire la toate litigiile posibile care decurg din aceast\u0103 competi\u021bie.<\/li>\r\n\t<li>Organizatorul \u00ee\u0219i rezerv\u0103 dreptul, \u00een orice moment, \u00een viitor, pentru a furniza date suplimentare \u0219i rezervele non-divulgare, dac\u0103 este necesar, dreptul de a anula \u00eenregistrarea curent\u0103 \u0219i \/ sau dezactiva accesul la site-urile \/ servicii care necesit\u0103 \u00eenregistrare, \u0219i dac\u0103 \u00eenregistrarea este necesar\u0103 pentru anumite informa\u021bii.<\/li>\r\n\t<li>\u00cenregistrarea este gratuit\u0103<\/li>\r\n\t<li>Vizitatorii site-ului www.briliantina.com\/ro se angajeaz\u0103 s\u0103 respecte \"regulile de vizitare\", at\u00e2t generale dar \u015fi specifice \u00een anumite p\u0103r\u021bi sau pagini, iar orice \u00eenc\u0103lcare poate duce la anularea \u00eenregistr\u0103rii.<\/li>\r\n<\/ol>","protected":false},"excerpt":{"rendered":"<p>Condi\u0163ii concursul de crea\u0163ie Organizare Concursul este deschis pentru copiii de 5 ani \u015fi mai \u00een v\u00e2rst\u0103. Dac\u0103 e\u015fti interesat\u0103 de competi\u021bie candida\u021bii sub 18 ani trebuie s\u0103 aib\u0103 aprobarea unui p\u0103rinte (sau tutore), \u0219i poate continua cu urm\u0103toarele etape doar cu acordul reprezentan\u021bilor legali. Pentru a participa la concurs, trebuie s\u0103 fie \u00eenregistrat\u0103 \u00een [&hellip;]<\/p>\n","protected":false},"author":1,"featured_media":0,"parent":0,"menu_order":0,"comment_status":"open","ping_status":"closed","template":"","meta":[],"_links":{"self":[{"href":"https:\/\/www.briliantina.com\/ro\/wp-json\/wp\/v2\/pages\/112"}],"collection":[{"href":"https:\/\/www.briliantina.com\/ro\/wp-json\/wp\/v2\/pages"}],"about":[{"href":"https:\/\/www.briliantina.com\/ro\/wp-json\/wp\/v2\/types\/page"}],"author":[{"embeddable":true,"href":"https:\/\/www.briliantina.com\/ro\/wp-json\/wp\/v2\/users\/1"}],"replies":[{"embeddable":true,"href":"https:\/\/www.briliantina.com\/ro\/wp-json\/wp\/v2\/comments?post=112"}],"version-history":[{"count":15,"href":"https:\/\/www.briliantina.com\/ro\/wp-json\/wp\/v2\/pages\/112\/revisions"}],"predecessor-version":[{"id":4162,"href":"https:\/\/www.briliantina.com\/ro\/wp-json\/wp\/v2\/pages\/112\/revisions\/4162"}],"wp:attachment":[{"href":"https:\/\/www.briliantina.com\/ro\/wp-json\/wp\/v2\/media?parent=112"}],"curies":[{"name":"wp","href":"https:\/\/api.w.org\/{rel}","templated":true}]}}