{"id":136,"date":"2012-05-03T21:31:59","date_gmt":"2012-05-03T21:31:59","guid":{"rendered":"http:\/\/beta.briliantina.com\/?page_id=136"},"modified":"2013-08-01T10:33:26","modified_gmt":"2013-08-01T10:33:26","slug":"operator","status":"publish","type":"page","link":"https:\/\/www.briliantina.com\/gr\/operator\/","title":{"rendered":"Operator"},"content":{"rendered":"Provozovatel: Martin Trik - Bonaparte, Spolkov\u00e1 31, PS\u010c 312 00 Plze\u0148\n\nI\u010c: 44656807\n\nDI\u010c: CZ7107162029\n\nSpole\u010dnost Martin Trik je zaps\u00e1na v obchodn\u00edm rejst\u0159\u00edku veden\u00e9m Krajsk\u00fdm soudem v Plzni, odd\u00edl A, vlo\u017eka 22871\n\nTelefon: +420 377 261 942-3\n\nMail: <a href=\"mailto:briliantina@cz.briliantina.com\">briliantina@cz.briliantina.com<\/a>\n\nAdresa pro zas\u00edl\u00e1n\u00ed korespondence: Briliantina, P.O.Box 6, 31200 Plze\u0148","protected":false},"excerpt":{"rendered":"<p>Provozovatel: Martin Trik &#8211; Bonaparte, Spolkov\u00e1 31, PS\u010c 312 00 Plze\u0148 I\u010c: 44656807 DI\u010c: CZ7107162029 Spole\u010dnost Martin Trik je zaps\u00e1na v obchodn\u00edm rejst\u0159\u00edku veden\u00e9m Krajsk\u00fdm soudem v Plzni, odd\u00edl A, vlo\u017eka 22871 Telefon: +420 377 261 942-3 Mail: briliantina@cz.briliantina.com Adresa [&hellip;]<\/p>\n","protected":false},"author":1,"featured_media":0,"parent":0,"menu_order":13,"comment_status":"open","ping_status":"closed","template":"","meta":[],"_links":{"self":[{"href":"https:\/\/www.briliantina.com\/gr\/wp-json\/wp\/v2\/pages\/136"}],"collection":[{"href":"https:\/\/www.briliantina.com\/gr\/wp-json\/wp\/v2\/pages"}],"about":[{"href":"https:\/\/www.briliantina.com\/gr\/wp-json\/wp\/v2\/types\/page"}],"author":[{"embeddable":true,"href":"https:\/\/www.briliantina.com\/gr\/wp-json\/wp\/v2\/users\/1"}],"replies":[{"embeddable":true,"href":"https:\/\/www.briliantina.com\/gr\/wp-json\/wp\/v2\/comments?post=136"}],"version-history":[{"count":2,"href":"https:\/\/www.briliantina.com\/gr\/wp-json\/wp\/v2\/pages\/136\/revisions"}],"predecessor-version":[{"id":3053,"href":"https:\/\/www.briliantina.com\/gr\/wp-json\/wp\/v2\/pages\/136\/revisions\/3053"}],"wp:attachment":[{"href":"https:\/\/www.briliantina.com\/gr\/wp-json\/wp\/v2\/media?parent=136"}],"curies":[{"name":"wp","href":"https:\/\/api.w.org\/{rel}","templated":true}]}}