{"id":1437,"date":"2012-10-24T18:51:22","date_gmt":"2012-10-24T18:51:22","guid":{"rendered":"http:\/\/www.briliantina.com\/?page_id=1437"},"modified":"2015-02-15T21:05:38","modified_gmt":"2015-02-15T21:05:38","slug":"kreativni-soutez","status":"publish","type":"page","link":"https:\/\/www.briliantina.com\/es\/kreativni-soutez\/","title":{"rendered":"Concurso creativo"},"content":{"rendered":"Hola chicas, os recuerdo que el env\u00edo de propuestas para el Concurso ser\u00e1 del 1 de octubre al 31 de diciembre de 2014, siempre a trav\u00e9s el Club Brili, en el que os deb\u00e9is haber inscrito previamente si esa que ya no lo est\u00e1bais.\r\n\r\nLa votaci\u00f3n comenzar\u00e1 el 15 de enero de 2015 hasta el 14 de febrero d\u00eda de San Valent\u00edn.\r\n\r\nEl 21 de febrero sabremos qui\u00e9n es la ganadora de la 2\u00aa Edici\u00f3n del Concurso de Briliantina\r\n\r\nEstoy deseando saber los resultados del concurso. \ud83d\ude42\r\n\r\nSaludos de Briliantina.\r\n<div><b><i>\u00a0<\/i><\/b><\/div>","protected":false},"excerpt":{"rendered":"<p>Hola chicas, os recuerdo que el env\u00edo de propuestas para el Concurso ser\u00e1 del 1 de octubre al 31 de diciembre de 2014, siempre a trav\u00e9s el Club Brili, en el que os deb\u00e9is haber inscrito previamente si esa que [&hellip;]<\/p>\n","protected":false},"author":1,"featured_media":0,"parent":0,"menu_order":0,"comment_status":"open","ping_status":"closed","template":"page-soutez-konec.php","meta":[],"_links":{"self":[{"href":"https:\/\/www.briliantina.com\/es\/wp-json\/wp\/v2\/pages\/1437"}],"collection":[{"href":"https:\/\/www.briliantina.com\/es\/wp-json\/wp\/v2\/pages"}],"about":[{"href":"https:\/\/www.briliantina.com\/es\/wp-json\/wp\/v2\/types\/page"}],"author":[{"embeddable":true,"href":"https:\/\/www.briliantina.com\/es\/wp-json\/wp\/v2\/users\/1"}],"replies":[{"embeddable":true,"href":"https:\/\/www.briliantina.com\/es\/wp-json\/wp\/v2\/comments?post=1437"}],"version-history":[{"count":35,"href":"https:\/\/www.briliantina.com\/es\/wp-json\/wp\/v2\/pages\/1437\/revisions"}],"predecessor-version":[{"id":3707,"href":"https:\/\/www.briliantina.com\/es\/wp-json\/wp\/v2\/pages\/1437\/revisions\/3707"}],"wp:attachment":[{"href":"https:\/\/www.briliantina.com\/es\/wp-json\/wp\/v2\/media?parent=1437"}],"curies":[{"name":"wp","href":"https:\/\/api.w.org\/{rel}","templated":true}]}}