{"id":3743,"date":"2015-09-03T10:12:37","date_gmt":"2015-09-03T10:12:37","guid":{"rendered":"http:\/\/www.briliantina.com\/de\/?page_id=3743"},"modified":"2016-02-10T14:54:25","modified_gmt":"2016-02-10T14:54:25","slug":"advice-on-how-to-look-after-your-briliantina-jewelry","status":"publish","type":"page","link":"https:\/\/www.briliantina.com\/de\/advice-on-how-to-look-after-your-briliantina-jewelry\/","title":{"rendered":"Pflegehinweise f\u00fcr Briliantina Schmuck"},"content":{"rendered":"Hier sind ein paar wertvolle Tipps f\u00fcr dich, damit dein sch\u00f6ner Briliantina Schmuck gaaanz lange wie neu aussieht. Lege den Schmuck immer in eine Schmuckschachtel \u00fcber Nacht. Trag deinen Schmuck nicht w\u00e4hrend du badest, Geschirr abw\u00e4schst, putzt oder andere T\u00e4tigkeiten machst in diesem Bereich\u2026dies k\u00f6nnte deinen Schmuck besch\u00e4digen.\u00a0 Leg deinen Schmuck auch w\u00e4hrend Sport Aktivit\u00e4ten ab. Denn, neben einer m\u00f6glichen Besch\u00e4digung des Schmucks, k\u00f6nntest du auch dich oder deine Freunde dabei verletzen.\r\n\r\nFolgende Produkte k\u00f6nnten deinen Briliantina Schmuck besch\u00e4digen:\r\n<ul>\r\n\t<li>Kosmetische Produkte wie Haarspray, Body Lotions, Make-up, Parf\u00fcm usw.<\/li>\r\n\t<li>Waschmittel wie Shampoos, Seife, allgemeine Reinigungsmittel f\u00fcr zu Hause usw.<\/li>\r\n\t<li>Wasser, speziell zu heisses Wasser, Salzwasser und Schweiss.<\/li>\r\n\t<li>Scharfe oder Grobe Objekte<\/li>\r\n<\/ul>\r\nAuch extreme Temperaturver\u00e4nderungen und zu viel Sonnenlicht k\u00f6nnten deinem Schmuck schaden.\r\n\r\nWenn du die Gr\u00f6sse deiner Ringe verstellst, achte immer darauf nur das Band zu halten und nicht die Dekoration. Sonst k\u00f6nnte es passieren, dass die sch\u00f6nen Ringe auseinander brechen.\r\n\r\nJeder Briliantina Schmuck hat eine sch\u00fctzende Rhodium Schicht und ist EN71 (europ\u00e4ische Spielzeug Richtlinie) zertifiziert, welches sicherstellt, dass der Schmuck keine giftigen Stoffe beinhaltet.\r\n\r\n&nbsp;\r\n\r\nHabe einen gl\u00e4nzenden Tag,\r\n\r\n&nbsp;\r\n\r\ndeine Brili","protected":false},"excerpt":{"rendered":"<p>Hier sind ein paar wertvolle Tipps f\u00fcr dich, damit dein sch\u00f6ner Briliantina Schmuck gaaanz lange wie neu aussieht. Lege den Schmuck immer in eine Schmuckschachtel \u00fcber Nacht. Trag deinen Schmuck nicht w\u00e4hrend du badest, Geschirr abw\u00e4schst, putzt oder andere T\u00e4tigkeiten machst in diesem Bereich\u2026dies k\u00f6nnte deinen Schmuck besch\u00e4digen.\u00a0 Leg deinen Schmuck auch w\u00e4hrend Sport Aktivit\u00e4ten [&hellip;]<\/p>\n","protected":false},"author":33,"featured_media":0,"parent":0,"menu_order":40,"comment_status":"open","ping_status":"closed","template":"","meta":[],"_links":{"self":[{"href":"https:\/\/www.briliantina.com\/de\/wp-json\/wp\/v2\/pages\/3743"}],"collection":[{"href":"https:\/\/www.briliantina.com\/de\/wp-json\/wp\/v2\/pages"}],"about":[{"href":"https:\/\/www.briliantina.com\/de\/wp-json\/wp\/v2\/types\/page"}],"author":[{"embeddable":true,"href":"https:\/\/www.briliantina.com\/de\/wp-json\/wp\/v2\/users\/33"}],"replies":[{"embeddable":true,"href":"https:\/\/www.briliantina.com\/de\/wp-json\/wp\/v2\/comments?post=3743"}],"version-history":[{"count":17,"href":"https:\/\/www.briliantina.com\/de\/wp-json\/wp\/v2\/pages\/3743\/revisions"}],"predecessor-version":[{"id":5387,"href":"https:\/\/www.briliantina.com\/de\/wp-json\/wp\/v2\/pages\/3743\/revisions\/5387"}],"wp:attachment":[{"href":"https:\/\/www.briliantina.com\/de\/wp-json\/wp\/v2\/media?parent=3743"}],"curies":[{"name":"wp","href":"https:\/\/api.w.org\/{rel}","templated":true}]}}