{"id":141,"date":"2012-05-03T22:25:21","date_gmt":"2012-05-03T22:25:21","guid":{"rendered":"http:\/\/beta.briliantina.com\/?page_id=141"},"modified":"2016-02-10T13:50:27","modified_gmt":"2016-02-10T13:50:27","slug":"terms-conditions","status":"publish","type":"page","link":"https:\/\/www.briliantina.com\/de\/terms-conditions\/","title":{"rendered":"Datenschutz"},"content":{"rendered":"<h3>Datenschutz-Information<\/h3>\r\nWir begr\u00fc\u00dfen Sie bei Ihrem Besuch auf unserer Web-Seite und freuen uns \u00fcber Ihr Interesse an Briliantina. Wir nehmen den Schutz Ihrer privaten Daten ernst und m\u00f6chten, dass Sie sich beim Besuch unserer Internetseite wohlf\u00fchlen. Aus diesem Grund machen wir f\u00fcr Sie transparent, was mit den anfallenden personenbezogenen Daten geschieht und welche Sicherheitsmassnahmen unsererseits getroffen werden. Au\u00dferdem werden Sie informiert \u00fcber Ihre gesetzlich festgelegten Rechte im Zusammenhang mit der Verarbeitung dieser Daten.\r\n<h3>Pers\u00f6nliche Daten<\/h3>\r\nBeim Besuch der Briliantina-Website ben\u00f6tigen wir in der Regel keine pers\u00f6nlichen Daten von Ihnen. Lediglich Informationen \u00fcber den Namen Ihres Internet Service Providers und \u00fcber die Web-Seiten, die Sie bei uns aufrufen, nehmen wir zur Kenntnis. Dabei bleiben Sie als Internet-Nutzer jedoch anonym, da wir diese Informationen nur zu statistischen Zwecken auswerten (z. B. Anzahl der Aufrufe f\u00fcr die einzelnen Web-Seiten).\r\n\r\nSoweit im Rahmen von Bestellungen pers\u00f6nliche Daten auf unserer Website erhoben werden, sind diese durch unsere Sicherheitsserver-Software verschl\u00fcsselt. Wenn Sie eine Bestellung durchf\u00fchren speichern wir zu Sicherungszwecken Nutzungsdaten, die eine Identifizierung zulassen (zum Beispiel IP-Adresse, Datum, Uhrzeit). Dar\u00fcber hinaus werden pers\u00f6nliche Daten nur dann gespeichert, wenn Sie uns diese von sich aus, z. B. im Rahmen einer Registrierung, einer Umfrage, eines Preisausschreibens oder zur Durchf\u00fchrung eines Vertrages angeben.\r\n<h3>Einwilligung<\/h3>\r\nDaten f\u00fcr Beratungs-, Werbe- oder Marktforschungszwecke werden wir nur dann erheben, verarbeiten oder nutzen, wenn Sie uns vorher die Einwilligung dazu gegeben haben.\r\n<h3>Nutzung und Weitergabe pers\u00f6nlicher Daten \/ Zweckbindung<\/h3>\r\nAlle personenbezogenen Daten, die wir im Zuge der Nutzung der Briliantina-Website von Ihnen erfahren, werden wir nur zu dem angegebenen Zweck erheben, verarbeiten und nutzen. Die erhobenen pers\u00f6nlichen Daten werden von uns nicht ver\u00f6ffentlicht, ver\u00e4ussert oder in sonstiger Weise an Dritte au\u00dferhalb von Briliantina\u00a0- au\u00dfer beispielsweise zur Abwicklung Ihrer Bestellung - weitergegeben. Dabei beachten wir, dass dies nur im Rahmen der jeweils geltenden Rechtsvorschriften bzw. nur mit Ihrer Einwilligung geschieht.\r\n<h3>Auskunftsrecht<\/h3>\r\nAuf Antrag k\u00f6nnen wir Ihnen auch schriftlich mitteilen, ob und welche pers\u00f6nlichen Daten \u00fcber Sie gespeichert sind.\r\n<h3>Links zu anderen Anbietern<\/h3>\r\nUnsere Web-Seite enth\u00e4lt - deutlich erkennbar - auch Links auf die Internet-Auftritte anderer Unternehmen.\r\nSoweit Links zu Webseiten anderer Anbieter vorhanden sind, haben wir auf deren Inhalte keinen Einfluss. Daher kann f\u00fcr diese Inhalte auch keine Gew\u00e4hr und Haftung \u00fcbernommen werden. F\u00fcr die Inhalte dieser Seiten ist stets der jeweilige Anbieter oder Betreiber der Seiten verantwortlich. Die verlinkten Seiten wurden zum Zeitpunkt der Verlinkung auf m\u00f6gliche Rechtsverst\u00f6sse und erkennbare Rechtsverletzungen gepr\u00fcft. Rechtswidrige Inhalte waren zum Zeitpunkt der Verlinkung nicht erkennbar. Eine permanente inhaltliche Kontrolle der verlinkten Seiten ist jedoch ohne konkrete Anhaltspunkte einer Rechtsverletzung nicht zumutbar. Bei Bekanntwerden von Rechtsverletzungen werden derartige Links umgehend entfernt.\r\n<h3>Sicherheitsgrunds\u00e4tze<\/h3>\r\nUm die bei uns gespeicherten Daten unserer Mitarbeiter\/Kunden\/Lieferanten gegen zuf\u00e4llige oder vors\u00e4tzliche Manipulationen, Verlust, Zerst\u00f6rung oder den Zugriff unberechtigter Personen zu sch\u00fctzen, haben wir entsprechende technische und organisatorische Ma\u00dfnahmen getroffen. Die Sicherheitslevel werden in Zusammenarbeit mit Sicherheitsexperten laufend \u00fcberpr\u00fcft und an neue Sicherheitsstandards angepasst.\r\n<h3>Cookies<\/h3>\r\nWir verwenden an mehreren Stellen so genannte Cookies. Dies sind kleine Textdateien, die von Websites verwendet und auf Ihrem Rechner abgelegt werden und die Ihr Browser (lokal auf Ihrer Festplatte) speichert, um Besucher zu identifizieren. Mit Hilfe dieser Cookies k\u00f6nnen wir analysieren, wie Nutzer unsere Websites benutzen. Wir k\u00f6nnen dann Inhalte unserer Sites genau auf die Bed\u00fcrfnisse unserer Besucher abstimmen und erfassen, an welchen Produkten unsere Besucher interessiert sind, um diese mittels individualisierter Werbebanner w\u00e4hrend des Surfens \u00fcber vergleichbare Produkte zu informieren. Dar\u00fcber hinaus haben wir durch die Cookies auch die M\u00f6glichkeit, die Effektivit\u00e4t einer bestimmten Anzeige zu messen und ihre Platzierung z. B. abh\u00e4ngig von den thematischen Interessen der Nutzer erfolgen zu lassen. Schlie\u00dflich ben\u00f6tigen wir die mittels Cookies erfassten Daten zu Abrechnungszwecken, z.B. im Rahmen von Partnerprogrammen.\r\n\r\nDie meisten der von uns verwendeten Cookies sind so genannte \u201eSession-Cookies\u201c. Diese werden nach Ihrem Besuch automatisch gel\u00f6scht. Die meisten Web-Browser akzeptieren Cookies automatisch. Sie k\u00f6nnen die Einstellungen Ihres Browsers in der Regel aber auch \u00e4ndern, wenn Sie die Informationen lieber nicht versenden m\u00f6chten. Sie k\u00f6nnen die Angebote unserer Internetseite dann trotzdem ohne Einschr\u00e4nkungen nutzen (Ausnahme: Konfiguratoren).\r\n<h3><\/h3>","protected":false},"excerpt":{"rendered":"<p>Datenschutz-Information Wir begr\u00fc\u00dfen Sie bei Ihrem Besuch auf unserer Web-Seite und freuen uns \u00fcber Ihr Interesse an Briliantina. Wir nehmen den Schutz Ihrer privaten Daten ernst und m\u00f6chten, dass Sie sich beim Besuch unserer Internetseite wohlf\u00fchlen. Aus diesem Grund machen wir f\u00fcr Sie transparent, was mit den anfallenden personenbezogenen Daten geschieht und welche Sicherheitsmassnahmen unsererseits [&hellip;]<\/p>\n","protected":false},"author":1,"featured_media":0,"parent":0,"menu_order":63,"comment_status":"open","ping_status":"closed","template":"","meta":[],"_links":{"self":[{"href":"https:\/\/www.briliantina.com\/de\/wp-json\/wp\/v2\/pages\/141"}],"collection":[{"href":"https:\/\/www.briliantina.com\/de\/wp-json\/wp\/v2\/pages"}],"about":[{"href":"https:\/\/www.briliantina.com\/de\/wp-json\/wp\/v2\/types\/page"}],"author":[{"embeddable":true,"href":"https:\/\/www.briliantina.com\/de\/wp-json\/wp\/v2\/users\/1"}],"replies":[{"embeddable":true,"href":"https:\/\/www.briliantina.com\/de\/wp-json\/wp\/v2\/comments?post=141"}],"version-history":[{"count":9,"href":"https:\/\/www.briliantina.com\/de\/wp-json\/wp\/v2\/pages\/141\/revisions"}],"predecessor-version":[{"id":5361,"href":"https:\/\/www.briliantina.com\/de\/wp-json\/wp\/v2\/pages\/141\/revisions\/5361"}],"wp:attachment":[{"href":"https:\/\/www.briliantina.com\/de\/wp-json\/wp\/v2\/media?parent=141"}],"curies":[{"name":"wp","href":"https:\/\/api.w.org\/{rel}","templated":true}]}}