{"id":112,"date":"2012-05-03T10:54:50","date_gmt":"2012-05-03T10:54:50","guid":{"rendered":"http:\/\/beta.briliantina.com\/?page_id=112"},"modified":"2016-08-29T07:02:47","modified_gmt":"2016-08-29T07:02:47","slug":"konditionen-wettbewerb","status":"publish","type":"page","link":"https:\/\/www.briliantina.com\/de\/konditionen-wettbewerb\/","title":{"rendered":"Teilnahme- bedingungen"},"content":{"rendered":"<h1>Teilnahmebedingungen Briliantina Design-Wettbewerb<\/h1>\r\n<h4>1.\u00a0<strong>Beschreibung des Wettbewerbs<\/strong><\/h4>\r\nDie Firma Bonaparte f\u00fchrt einen Design-Wettbewerb durch. F\u00fcr die Teilnahme an dem Wettbewerb ist es erforderlich, dass die Userin einen eigens entworfenen Ring auf der vorgegebenen Vorlage zeichnet und das fertige Design auf der Briliantina Homepage hochl\u00e4dt oder per E-Mail an: briliantina@de.briliantina.com einsendet. Alle Personen, die einen Ring designt und hochgeladen oder eingesendet haben, nehmen an der Verlosung der Preise teil. Die Teilnahme an dem Wettbewerb richtet sich nach den nachfolgenden Teilnahmebedingungen.\r\n\r\n<strong>2. Zeitraum des Gewinnspiels und Teilnahmeberechtigung<\/strong>\r\n\r\n2.1. Der Wettbewerb beginnt am 01.06.2016. Teilnahmeschluss des Design-Wettbewerbs ist der 15.08.2016. Versp\u00e4tete Teilnahmen k\u00f6nnen nicht mehr ber\u00fccksichtigt werden.\r\n\r\n2.2. Teilnahmeberechtigt sind nur Personen bis zum 14. Lebensjahr.\r\n\r\n2.3. MitarbeiterInnen von Bonaparte, einschlie\u00dflich Angeh\u00f6rige, sind von der Teilnahme ausgeschlossen. Organisierte Gewinnspiel-Seiten und organisierte Gewinnspiel-Clubs sind ausdr\u00fccklich von der Teilnahme ausgeschlossen.\r\n\r\n2.4. Entw\u00fcrfe, die Lizens- oder Designrechte verletzen oder rechtswidrig sind, k\u00f6nnen leider nicht beachtet werden.\r\n\r\n<strong>3. Auswahl der Gewinnerinnen<\/strong>\r\n\r\nEine Fachjury w\u00e4hlt unter allen Einsendungen die 3 besten Ringe aus.\r\n\r\nBrili-Club MitgliederInnen k\u00f6nnen ab dem 22.08.2016 auf der Briliantina Homepage www.briliantina.com\/de f\u00fcr ihren Lieblings-Ring abstimmen. Facebook-NutzerInnen k\u00f6nnen dies auf der Seite: www.facebook.com\/briliantina.de. Der Ring mit den meisten Stimmen beider Seiten ist der Gewinner-Ring. Die GewinnerIn wird am 20.09.2016 gek\u00fcrt und anschlie\u00dfend ver\u00f6ffentlicht.\r\n\r\n<strong>4. Design-Rechte<\/strong>\r\n\r\nDie DesignerInnen der Ringe m\u00fcssen der Firma Bonaparte die uneingeschr\u00e4nkten Nutzungsrechte f\u00fcr ihre Designs einr\u00e4umen.\r\n\r\n<strong>5. Mitteilung an Gewinnerin und Verfall<\/strong>\r\n\r\nDie GewinnerInnen werden von der Firma Bonaparte durch ein Anschreiben und die Zusendung der Gewinne benachrichtigt. Der Anspruch auf den Gewinn erlischt, wenn die Erziehungsberechtigen der Teilnahme des Kindes am Wettbewerb nicht zustimmen. In diesen F\u00e4llen wird nach demselben Vorgehen eine Ersatzgewinnerin benannt. Die Teilnehmerinnen sind f\u00fcr die Richtigkeit ihrer angegebenen Adresse verantwortlich. Die Bekanntgabe der Gewinnerin erfolgt ohne Gew\u00e4hr.\r\n\r\n<strong>6. Nutzung von Daten durch Bonaparte<\/strong>\r\n\r\nDie uns \u00fcbermittelten Daten werden nur f\u00fcr das Gewinnspiel und zur Benachrichtigung der Gewinnerinnen verwendet. Die gespeicherten Daten werden nach dem Abschicken der Gewinne gel\u00f6scht, soweit eine Teilnehmerin nicht ihre Einwilligung zur weiteren Nutzung der Daten erteilt hat.\r\n\r\n<strong>7. Preise<\/strong>\r\n\r\nZus\u00e4tzlich werden noch Preise verlost und den Gewinnerinnen per Post zugeschickt:\r\n<div>1.Platz:<\/div>\r\n<div style=\"text-align: left\">Produktion des Ringes Gewinnerringes<\/div>\r\n<div style=\"text-align: left\">1x Briliantina Schulranzen<\/div>\r\n<div style=\"text-align: left\">1x Briliantina Federm\u00e4ppchen<\/div>\r\n<div style=\"text-align: left\">4x Briliantina Notizhefte<\/div>\r\n<div style=\"text-align: left\">1x Briliantina Adventskalender,<\/div>\r\n<div style=\"text-align: left\">5x \u00dcberraschungst\u00fctchen mit Briliantina Ring<\/div>\r\n<div style=\"text-align: left\"><\/div>\r\n<div>2.Platz:<\/div>\r\n<div>1x Briliantina Rucksack<\/div>\r\n<div>2x Briliantina Notizhefte<\/div>\r\n<div>1x Briliantina Adventskalender<\/div>\r\n<div><\/div>\r\n<div>3.Platz:<\/div>\r\n<div>1x Briliantina Federm\u00e4ppchen<\/div>\r\n<div>2x Briliantina Notizhefte<\/div>\r\n<div>2x \u00dcberraschungst\u00fctchen mit Briliantina Ringe<\/div>\r\nEine Barauszahlung ist ausgeschlossen.\r\n\r\n<strong>8. Ausschluss von Teilnehmern, Beendigung des Gewinnspiels<\/strong>\r\n\r\n8.1. Die Firma Bonaparte ist berechtigt, einzelne Personen von der Teilnahme auszuschlie\u00dfen, sofern berechtigte Gr\u00fcnde, wie z.B. Versto\u00df gegen die Teilnahmebedingungen, unzul\u00e4ssige Beeinflussung des Gewinnspiels, Manipulationen etc. vorliegen. Ggf. k\u00f6nnen in diesen F\u00e4llen auch nachtr\u00e4glich Gewinne aberkannt und zur\u00fcckgefordert werden.\r\n\r\n8.2. Die Firma Bonaparte kann das Gewinnspiel jederzeit aus wichtigem Grund ohne Vorank\u00fcndigung beenden oder unterbrechen. Dies gilt insbesondere f\u00fcr solche Gr\u00fcnde, die einen planm\u00e4\u00dfigen Ablauf des Gewinnspiels st\u00f6ren oder verhindern w\u00fcrden.\r\n<div><strong>9. Ausschluss des Rechtswegs<\/strong><\/div>\r\n<div><\/div>\r\n<div>Bei diesem Design-Wettbewerb ist der Rechtsweg ausgeschlossen. Es gilt ausschlie\u00dflich das Recht der Schweiz.<\/div>\r\n<div>Das Gewinnspiel steht in keiner Verbindung zu Facebook und wird in keiner Weise von Facebook gesponsert, unterst\u00fctzt oder organisiert.<\/div>\r\n<div><\/div>\r\n<div><strong>10. Sonstiges<\/strong><\/div>\r\n<div><\/div>\r\n<div>Sollten einzelne Bestimmungen der Teilnahmebedingungen ung\u00fcltig sein oder ung\u00fcltig werden, bleibt die G\u00fcltigkeit der \u00fcbrigen Teilnahmebedingungen unber\u00fchrt. An ihre Stelle tritt eine angemessene Regelung, die dem Zweck der unwirksamen Bestimmung am ehesten entspricht.<\/div>\r\n&nbsp;\r\n\r\n<!--:-->","protected":false},"excerpt":{"rendered":"<p>Teilnahmebedingungen Briliantina Design-Wettbewerb 1.\u00a0Beschreibung des Wettbewerbs Die Firma Bonaparte f\u00fchrt einen Design-Wettbewerb durch. F\u00fcr die Teilnahme an dem Wettbewerb ist es erforderlich, dass die Userin einen eigens entworfenen Ring auf der vorgegebenen Vorlage zeichnet und das fertige Design auf der Briliantina Homepage hochl\u00e4dt oder per E-Mail an: briliantina@de.briliantina.com einsendet. Alle Personen, die einen Ring designt [&hellip;]<\/p>\n","protected":false},"author":1,"featured_media":0,"parent":0,"menu_order":39,"comment_status":"open","ping_status":"closed","template":"","meta":[],"_links":{"self":[{"href":"https:\/\/www.briliantina.com\/de\/wp-json\/wp\/v2\/pages\/112"}],"collection":[{"href":"https:\/\/www.briliantina.com\/de\/wp-json\/wp\/v2\/pages"}],"about":[{"href":"https:\/\/www.briliantina.com\/de\/wp-json\/wp\/v2\/types\/page"}],"author":[{"embeddable":true,"href":"https:\/\/www.briliantina.com\/de\/wp-json\/wp\/v2\/users\/1"}],"replies":[{"embeddable":true,"href":"https:\/\/www.briliantina.com\/de\/wp-json\/wp\/v2\/comments?post=112"}],"version-history":[{"count":24,"href":"https:\/\/www.briliantina.com\/de\/wp-json\/wp\/v2\/pages\/112\/revisions"}],"predecessor-version":[{"id":6226,"href":"https:\/\/www.briliantina.com\/de\/wp-json\/wp\/v2\/pages\/112\/revisions\/6226"}],"wp:attachment":[{"href":"https:\/\/www.briliantina.com\/de\/wp-json\/wp\/v2\/media?parent=112"}],"curies":[{"name":"wp","href":"https:\/\/api.w.org\/{rel}","templated":true}]}}