{"id":3400,"date":"2015-06-27T07:58:18","date_gmt":"2015-06-27T07:58:18","guid":{"rendered":"http:\/\/www.briliantina.com\/be\/?page_id=3400"},"modified":"2015-09-14T10:42:40","modified_gmt":"2015-09-14T10:42:40","slug":"about-us","status":"publish","type":"page","link":"https:\/\/www.briliantina.com\/be\/about-us\/","title":{"rendered":"About us"},"content":{"rendered":"&nbsp;\r\n<h2 style=\"text-align: center;\">Operator<\/h2>\r\n<p style=\"text-align: center;\">Martin Trik - Bonaparte\r\nSpolkov\u00e1 31, 312 00 Pilsen\r\nCzech Republic<\/p>\r\n<p style=\"text-align: center;\"><strong>Email:<\/strong>\r\n<strong><a href=\"mailto:briliantina@cz.briliantina.com\">@<\/a><\/strong><\/p>\r\n<p style=\"text-align: center;\"><strong>Phone:<\/strong><\/p>\r\n<p style=\"text-align: center;\">I\u010c: 44656807\r\nDI\u010c: CZ44656807<\/p>\r\n<p style=\"text-align: center;\">The company Martin Trik is registered in the Commercial Register kept by the Regional Court in Plze\u0148, rf. Insert 22871<\/p>","protected":false},"excerpt":{"rendered":"<p>&nbsp; Operator Martin Trik &#8211; Bonaparte Spolkov\u00e1 31, 312 00 Pilsen Czech Republic Email: @ Phone: I\u010c: 44656807 DI\u010c: CZ44656807 The company Martin Trik is registered in the Commercial Register kept by the Regional Court in Plze\u0148, rf. Insert 22871<\/p>\n","protected":false},"author":1,"featured_media":0,"parent":0,"menu_order":0,"comment_status":"open","ping_status":"open","template":"page-about_us.php","meta":[],"_links":{"self":[{"href":"https:\/\/www.briliantina.com\/be\/wp-json\/wp\/v2\/pages\/3400"}],"collection":[{"href":"https:\/\/www.briliantina.com\/be\/wp-json\/wp\/v2\/pages"}],"about":[{"href":"https:\/\/www.briliantina.com\/be\/wp-json\/wp\/v2\/types\/page"}],"author":[{"embeddable":true,"href":"https:\/\/www.briliantina.com\/be\/wp-json\/wp\/v2\/users\/1"}],"replies":[{"embeddable":true,"href":"https:\/\/www.briliantina.com\/be\/wp-json\/wp\/v2\/comments?post=3400"}],"version-history":[{"count":34,"href":"https:\/\/www.briliantina.com\/be\/wp-json\/wp\/v2\/pages\/3400\/revisions"}],"predecessor-version":[{"id":4213,"href":"https:\/\/www.briliantina.com\/be\/wp-json\/wp\/v2\/pages\/3400\/revisions\/4213"}],"wp:attachment":[{"href":"https:\/\/www.briliantina.com\/be\/wp-json\/wp\/v2\/media?parent=3400"}],"curies":[{"name":"wp","href":"https:\/\/api.w.org\/{rel}","templated":true}]}}